{"id":1455,"date":"2026-03-05T12:38:48","date_gmt":"2026-03-05T11:38:48","guid":{"rendered":"https:\/\/www.helferkreisasyl-uhg.de\/?page_id=1455"},"modified":"2026-03-26T08:14:08","modified_gmt":"2026-03-26T07:14:08","slug":"wer-wir-sind","status":"publish","type":"page","link":"https:\/\/www.helferkreisasyl-uhg.de\/?page_id=1455","title":{"rendered":"Wer wir sind"},"content":{"rendered":"\n<p>Wir sind eine Gruppe von ehrenamtlichen Erwachsenen und Jugendlichen, die es sich zur Aufgabe gemacht haben, Gefl\u00fcchtete dabei zu unterst\u00fctzen, sich erfolgreich in ihrer neuen Heimat zu integrieren. Unsere Gefl\u00fcchteten kommen aus vielen verschiedenen Herkunftsl\u00e4ndern, insbesondere aus zahlreichen afrikanischen L\u00e4ndern, Afghanistan, Syrien und der Ukraine. Unser Ziel ist es, sie zu bef\u00e4higen, ein selbstbestimmtes Leben bei uns f\u00fchren zu k\u00f6nnen und sie auf ihrem Weg zu begleiten, Mitglieder unserer Gesellschaft zu werden.<\/p>\n\n\n\n<p>W\u00e4hrend andere nur \u00fcber Migration reden, packen wir an! Damit leisten wir einen wichtigen Beitrag f\u00fcr unsere Gesellschaft. Wir leben Humanit\u00e4t, wir f\u00f6rdern und unterst\u00fctzen, aber wir fordern auch: Durch klare Ziele, Eigenverantwortung, Lernbereitschaft, Engagement und regelm\u00e4\u00dfige R\u00fcckmeldungen. Wir sind stolz darauf, dass sehr viele der von uns betreuten Kinder und Jugendlichen in der Schule sehr gut vorankommen, dass wir bereits viele Gefl\u00fcchtete in Wohnungen unterbringen und dass wir viele in Arbeitsverh\u00e4ltnisse vermitteln konnten. Und auch darauf, dass es in Unterhaching kaum Probleme mit Gefl\u00fcchteten gibt.<\/p>\n\n\n\n<p>Unsere ehrenamtliche T\u00e4tigkeit empfinden wir als sinnstiftend und erf\u00fcllend, und das nicht zuletzt durch die Dankbarkeit und den Integrationswillen, den unsere Gefl\u00fcchteten zum Ausdruck bringen. Freiwilliges Engagement sehen wir als gelebte Demokratie, Solidarit\u00e4t und Humanit\u00e4t. Es tr\u00e4gt dazu bei, unsere Gesellschaft zusammenzuhalten, Vertrauen zu schaffen und Menschen die M\u00f6glichkeit zu geben, Verantwortung zu \u00fcbernehmen und die Zivilgesellschaft zu st\u00e4rken.<\/p>\n\n\n\n<p>Die Koordination der ehrenamtlichen Helfer wird von Franziska Kindsm\u00fcller geleitet.<br>Die Asylsozialberatung der Gefl\u00fcchteten leistet die Diakonie.<\/p>\n\n\n\n<p><\/p>\n","protected":false},"excerpt":{"rendered":"<p>Wir sind eine Gruppe von ehrenamtlichen Erwachsenen und Jugendlichen, die es sich zur Aufgabe gemacht haben, Gefl\u00fcchtete dabei zu unterst\u00fctzen, sich erfolgreich in ihrer neuen Heimat zu integrieren. Unsere Gefl\u00fcchteten kommen aus vielen verschiedenen Herkunftsl\u00e4ndern, insbesondere aus zahlreichen afrikanischen L\u00e4ndern, Afghanistan, Syrien und der Ukraine. Unser Ziel ist es, sie zu bef\u00e4higen, ein selbstbestimmtes Leben [&hellip;]<\/p>\n","protected":false},"author":2,"featured_media":0,"parent":0,"menu_order":0,"comment_status":"closed","ping_status":"closed","template":"","meta":{"footnotes":""},"class_list":["post-1455","page","type-page","status-publish","hentry"],"_links":{"self":[{"href":"https:\/\/www.helferkreisasyl-uhg.de\/index.php?rest_route=\/wp\/v2\/pages\/1455","targetHints":{"allow":["GET"]}}],"collection":[{"href":"https:\/\/www.helferkreisasyl-uhg.de\/index.php?rest_route=\/wp\/v2\/pages"}],"about":[{"href":"https:\/\/www.helferkreisasyl-uhg.de\/index.php?rest_route=\/wp\/v2\/types\/page"}],"author":[{"embeddable":true,"href":"https:\/\/www.helferkreisasyl-uhg.de\/index.php?rest_route=\/wp\/v2\/users\/2"}],"replies":[{"embeddable":true,"href":"https:\/\/www.helferkreisasyl-uhg.de\/index.php?rest_route=%2Fwp%2Fv2%2Fcomments&post=1455"}],"version-history":[{"count":2,"href":"https:\/\/www.helferkreisasyl-uhg.de\/index.php?rest_route=\/wp\/v2\/pages\/1455\/revisions"}],"predecessor-version":[{"id":1493,"href":"https:\/\/www.helferkreisasyl-uhg.de\/index.php?rest_route=\/wp\/v2\/pages\/1455\/revisions\/1493"}],"wp:attachment":[{"href":"https:\/\/www.helferkreisasyl-uhg.de\/index.php?rest_route=%2Fwp%2Fv2%2Fmedia&parent=1455"}],"curies":[{"name":"wp","href":"https:\/\/api.w.org\/{rel}","templated":true}]}}