{"id":1457,"date":"2026-03-05T12:39:02","date_gmt":"2026-03-05T11:39:02","guid":{"rendered":"https:\/\/www.helferkreisasyl-uhg.de\/?page_id=1457"},"modified":"2026-03-05T12:39:02","modified_gmt":"2026-03-05T11:39:02","slug":"was-wir-tun","status":"publish","type":"page","link":"https:\/\/www.helferkreisasyl-uhg.de\/?page_id=1457","title":{"rendered":"Was wir tun"},"content":{"rendered":"\n<p>Damit Integration gelingt, braucht es viele helfende H\u00e4nde. Ob durch aktive Mitarbeit oder finanzielle Unterst\u00fctzung: Jede und jeder kann einen Beitrag leisten \u2013 und ist bei uns herzlich willkommen.<\/p>\n\n\n\n<p><strong>Unsere Hilfsangebote<\/strong><\/p>\n\n\n\n<p><strong>Sprachpatenschaften<\/strong><br>Sprache verbindet \u2013 und Deutsch ist der Schl\u00fcssel zur Integration. Darum vermitteln wir Sprachpatenschaften f\u00fcr Erwachsene. Hier geht es um viel mehr als nur Grammatik: Patinnen und Paten helfen beim Meistern des Alltags und bei der Vorbereitung auf den Arbeitsmarkt. Nicht selten entstehen dabei sehr herzliche Beziehungen.<\/p>\n\n\n\n<p><strong>Hausaufgabenbetreuung<\/strong><br>Kinder lernen schnell \u2013 wenn sie die richtige Unterst\u00fctzung bekommen. Unsere ehrenamtliche Hausaufgabenbetreuung st\u00e4rkt insbesondere die deutsche Sprachkompetenz und hilft bei schulischen Aufgaben. Wir freuen uns \u00fcber alle, die Freude daran haben, Kinder auf ihrem Weg zu begleiten.<\/p>\n\n\n\n<p><strong>Jobvermittlung<\/strong><br>Arbeit bedeutet Selbstst\u00e4ndigkeit und Perspektive. Wir unterst\u00fctzen Gefl\u00fcchtete bei der Erstellung von Lebensl\u00e4ufen, beraten zu Berufsm\u00f6glichkeiten und begleiten sie bei der Jobsuche \u2013 Schritt f\u00fcr Schritt in ein selbstbestimmtes Leben.<\/p>\n\n\n\n<p><strong>Praktikumsvermittlung<\/strong><br>Ob Sch\u00fclerinnen und Sch\u00fcler oder Erwachsene: Wir helfen dabei, passende Praktikumspl\u00e4tze zu finden. Praktika erm\u00f6glichen erste Erfahrungen, Orientierung und oft auch den Start in eine berufliche Zukunft.<\/p>\n\n\n\n<p><strong>Fahrr\u00e4der f\u00fcr mehr Mobilit\u00e4t<\/strong><br>Mobilit\u00e4t schafft Freiheit. Wir geben g\u00fcnstige Fahrr\u00e4der aus und zeigen, wie man sie selbst repariert \u2013 ein Angebot, das praktische Hilfe mit gelebter Integration verbindet. Beim gemeinsamen Schrauben entstehen oft wertvolle Gespr\u00e4che und neue Kontakte.<\/p>\n\n\n\n<p><strong>Wohnungssuche<\/strong><br>Ein gro\u00dfes Problem, das zugegebenerma\u00dfen nicht nur anerkannte Gefl\u00fcchtete umtreibt: Eine bezahlbare Wohnung finden. Auch dabei versuchen wir bestm\u00f6glich zu unterst\u00fctzen. Auch alle beh\u00f6rdlichen Herausforderungen, die damit verbunden sind, gehen wir gemeinsam mit den Gefl\u00fcchteten an.<\/p>\n\n\n\n<p><strong>Sie m\u00f6chten uns unterst\u00fctzen? Schreiben Sie uns!\u2028<\/strong><\/p>\n\n\n\n<div class=\"wpcf7 no-js\" id=\"wpcf7-f50-o1\" lang=\"de-DE\" dir=\"ltr\" data-wpcf7-id=\"50\">\n<div class=\"screen-reader-response\"><p role=\"status\" aria-live=\"polite\" aria-atomic=\"true\"><\/p> <ul><\/ul><\/div>\n<form action=\"\/index.php?rest_route=%2Fwp%2Fv2%2Fpages%2F1457#wpcf7-f50-o1\" method=\"post\" class=\"wpcf7-form init\" aria-label=\"Kontaktformular\" novalidate=\"novalidate\" data-status=\"init\">\n<fieldset class=\"hidden-fields-container\"><input type=\"hidden\" name=\"_wpcf7\" value=\"50\" \/><input type=\"hidden\" name=\"_wpcf7_version\" value=\"6.1.5\" \/><input type=\"hidden\" name=\"_wpcf7_locale\" value=\"de_DE\" \/><input type=\"hidden\" name=\"_wpcf7_unit_tag\" value=\"wpcf7-f50-o1\" \/><input type=\"hidden\" name=\"_wpcf7_container_post\" value=\"0\" \/><input type=\"hidden\" name=\"_wpcf7_posted_data_hash\" value=\"\" \/>\n<\/fieldset>\n<p>Ihr Name (Pflichtfeld)\n<\/p>\n<p><span class=\"wpcf7-form-control-wrap\" data-name=\"your-name\"><input size=\"40\" maxlength=\"400\" class=\"wpcf7-form-control wpcf7-text wpcf7-validates-as-required\" aria-required=\"true\" aria-invalid=\"false\" value=\"\" type=\"text\" name=\"your-name\" \/><\/span>\n<\/p>\n<p>Ihre E-Mail-Adresse (Pflichtfeld)\n<\/p>\n<p><span class=\"wpcf7-form-control-wrap\" data-name=\"your-email\"><input size=\"40\" maxlength=\"400\" class=\"wpcf7-form-control wpcf7-email wpcf7-validates-as-required wpcf7-text wpcf7-validates-as-email\" aria-required=\"true\" aria-invalid=\"false\" value=\"\" type=\"email\" name=\"your-email\" \/><\/span>\n<\/p>\n<p>Betreff\n<\/p>\n<p><span class=\"wpcf7-form-control-wrap\" data-name=\"your-subject\"><input size=\"40\" maxlength=\"400\" class=\"wpcf7-form-control wpcf7-text\" aria-invalid=\"false\" value=\"\" type=\"text\" name=\"your-subject\" \/><\/span>\n<\/p>\n<p>Ihre Nachricht\n<\/p>\n<p><span class=\"wpcf7-form-control-wrap\" data-name=\"your-message\"><textarea cols=\"40\" rows=\"10\" maxlength=\"2000\" class=\"wpcf7-form-control wpcf7-textarea\" aria-invalid=\"false\" name=\"your-message\"><\/textarea><\/span>\n<\/p>\n<p><input class=\"wpcf7-form-control wpcf7-submit has-spinner\" type=\"submit\" value=\"Senden\" \/>\n<\/p><div class=\"wpcf7-response-output\" aria-hidden=\"true\"><\/div>\n<\/form>\n<\/div>\n\n","protected":false},"excerpt":{"rendered":"<p>Damit Integration gelingt, braucht es viele helfende H\u00e4nde. Ob durch aktive Mitarbeit oder finanzielle Unterst\u00fctzung: Jede und jeder kann einen Beitrag leisten \u2013 und ist bei uns herzlich willkommen. Unsere Hilfsangebote SprachpatenschaftenSprache verbindet \u2013 und Deutsch ist der Schl\u00fcssel zur Integration. Darum vermitteln wir Sprachpatenschaften f\u00fcr Erwachsene. Hier geht es um viel mehr als nur [&hellip;]<\/p>\n","protected":false},"author":2,"featured_media":0,"parent":0,"menu_order":0,"comment_status":"closed","ping_status":"closed","template":"","meta":{"footnotes":""},"class_list":["post-1457","page","type-page","status-publish","hentry"],"_links":{"self":[{"href":"https:\/\/www.helferkreisasyl-uhg.de\/index.php?rest_route=\/wp\/v2\/pages\/1457","targetHints":{"allow":["GET"]}}],"collection":[{"href":"https:\/\/www.helferkreisasyl-uhg.de\/index.php?rest_route=\/wp\/v2\/pages"}],"about":[{"href":"https:\/\/www.helferkreisasyl-uhg.de\/index.php?rest_route=\/wp\/v2\/types\/page"}],"author":[{"embeddable":true,"href":"https:\/\/www.helferkreisasyl-uhg.de\/index.php?rest_route=\/wp\/v2\/users\/2"}],"replies":[{"embeddable":true,"href":"https:\/\/www.helferkreisasyl-uhg.de\/index.php?rest_route=%2Fwp%2Fv2%2Fcomments&post=1457"}],"version-history":[{"count":3,"href":"https:\/\/www.helferkreisasyl-uhg.de\/index.php?rest_route=\/wp\/v2\/pages\/1457\/revisions"}],"predecessor-version":[{"id":1460,"href":"https:\/\/www.helferkreisasyl-uhg.de\/index.php?rest_route=\/wp\/v2\/pages\/1457\/revisions\/1460"}],"wp:attachment":[{"href":"https:\/\/www.helferkreisasyl-uhg.de\/index.php?rest_route=%2Fwp%2Fv2%2Fmedia&parent=1457"}],"curies":[{"name":"wp","href":"https:\/\/api.w.org\/{rel}","templated":true}]}}