{"id":1461,"date":"2026-03-05T12:39:14","date_gmt":"2026-03-05T11:39:14","guid":{"rendered":"https:\/\/www.helferkreisasyl-uhg.de\/?page_id=1461"},"modified":"2026-03-15T17:04:38","modified_gmt":"2026-03-15T16:04:38","slug":"wie-sie-uns-unterstuetzen-koennen","status":"publish","type":"page","link":"https:\/\/www.helferkreisasyl-uhg.de\/?page_id=1461","title":{"rendered":"Wie Sie uns unterst\u00fctzen k\u00f6nnen"},"content":{"rendered":"\n<p><\/p>\n\n\n\n<p><strong>\u2028Mitarbeit<\/strong><br>Der Helferkreis freut sich \u00fcber neue Ehrenamtliche in allen Bereichen, sei es in der Hausaufgabenbetreuung, beim Deutschlernen, bei der Vermittlung von Praktika und\/oder Jobs, beim Sortieren von Unterlagen und Dokumenten, bei der Wohnungssuche, bei Umz\u00fcgen, bei Veranstaltungen oder in der Fahrradwerkstatt.\u2028 Bringen Sie gerne auch Ihre eigenen Ideen ein!<\/p>\n\n\n\n<p><strong>Patenschaft<\/strong><br>Sie m\u00f6chten zur Integration Gefl\u00fcchteter beitragen und Ihr eigenes und deren Leben bereichern? Zum Beispiel mit einem kleinen Spaziergang, einem Ausflug oder einer gemeinsamen Unternehmung? \u2028Melden Sie sich bei uns! Wir freuen uns \u00fcber Ihre Unterst\u00fctzung!<br><br><strong>Besch\u00e4ftigung Gefl\u00fcchteter\u2028<\/strong><br>Arbeit hilft den Gefl\u00fcchteten, die Sprache zu erlernen und sich zu integrieren.\u2028 Sie suchen Mitarbeiter auf Minijobbasis, in Teilzeit oder Vollzeit? Sie brauchen Unterst\u00fctzung im Haushalt oder im Garten? Sie haben Lust, mit Gefl\u00fcchteten Lebensl\u00e4ufe zu erstellen oder Kontakte zu Arbeitgebern zu vermitteln? \u2028Dann nehmen Sie gern mit uns Kontakt auf!<br><br><strong>Ihr freiwilliges Engagement \u201elohnt\u201c sich auf vielf\u00e4ltige Weise:\u2028<\/strong><br>Es hilft nicht nur den Gefl\u00fcchteten, sondern kann auch f\u00fcr Sie als ehrenamtliche\/r Mitarbeiter:in eine Bereicherung sein: wer hilft, erlebt Selbstwirksamkeit, lernt t\u00e4glich Neues hinzu, erweitert seinen Horizont und bereichert auch das eigene Leben. Unsere Ehrenamtlichen empfinden es unter anderem als gewinnbringend, fremde Kulturen kennen- und verstehen lernen zu k\u00f6nnen, freuen sich \u00fcber gemeinsame Erfolge und erleben Wertsch\u00e4tzung und Dankbarkeit. Anderen helfen zu k\u00f6nnen gibt vielen Menschen ein starkes Gef\u00fchl von Sinn.\u2028 Wie viel Zeit Sie investieren k\u00f6nnen und m\u00f6chten, entscheiden Sie ganz alleine!<br>Und: wer bestimmte Voraussetzungen erf\u00fcllt, der erh\u00e4lt die bayerische Ehrenamtskarte, die viele Vorteile bietet. Nachzulesen unter: \u2028<a href=\"https:\/\/www.ehrenamt.bayern.de\/vorteile-wettbewerbe\/ehrenamtskarte\/\" target=\"_blank\" rel=\"noreferrer noopener nofollow\">https:\/\/www.ehrenamt.bayern.de\/vorteile-wettbewerbe\/ehrenamtskarte\/<\/a><br><br>Bei Interesse melden Sie sich \u00fcber das Kontaktformular bei uns! \u2028Wir freuen uns auf Sie und finden gemeinsam heraus, wie Sie sich am besten einbringen k\u00f6nnen.<br><br><strong>Geldspenden<\/strong><br>\u2028Kirchenstiftung St. Alto\u2028<br>IBAN DE95 7025 0150 0340 4747 41 bei der Kreissparkasse M\u00fcnchen<br>\u2028Verwendungszweck: Helferkreis Asyl (unbedingt angeben)<br>Falls Sie eine Spendenquittung w\u00fcnschen, geben Sie bitte Ihre Adresse an.<br><br><strong>Sachspenden\u2028<\/strong><br>Dinge, die gebraucht werden, geben wir \u00fcber unseren Newsletter bekannt.\u2028 <br>Kleiderspenden bitte bei der Klawotte, Hauptstr. 33a, Unterhaching abgeben!<\/p>\n\n\n\n<p><\/p>\n","protected":false},"excerpt":{"rendered":"<p>\u2028MitarbeitDer Helferkreis freut sich \u00fcber neue Ehrenamtliche in allen Bereichen, sei es in der Hausaufgabenbetreuung, beim Deutschlernen, bei der Vermittlung von Praktika und\/oder Jobs, beim Sortieren von Unterlagen und Dokumenten, bei der Wohnungssuche, bei Umz\u00fcgen, bei Veranstaltungen oder in der Fahrradwerkstatt.\u2028 Bringen Sie gerne auch Ihre eigenen Ideen ein! PatenschaftSie m\u00f6chten zur Integration Gefl\u00fcchteter beitragen [&hellip;]<\/p>\n","protected":false},"author":2,"featured_media":0,"parent":0,"menu_order":0,"comment_status":"closed","ping_status":"closed","template":"","meta":{"footnotes":""},"class_list":["post-1461","page","type-page","status-publish","hentry"],"_links":{"self":[{"href":"https:\/\/www.helferkreisasyl-uhg.de\/index.php?rest_route=\/wp\/v2\/pages\/1461","targetHints":{"allow":["GET"]}}],"collection":[{"href":"https:\/\/www.helferkreisasyl-uhg.de\/index.php?rest_route=\/wp\/v2\/pages"}],"about":[{"href":"https:\/\/www.helferkreisasyl-uhg.de\/index.php?rest_route=\/wp\/v2\/types\/page"}],"author":[{"embeddable":true,"href":"https:\/\/www.helferkreisasyl-uhg.de\/index.php?rest_route=\/wp\/v2\/users\/2"}],"replies":[{"embeddable":true,"href":"https:\/\/www.helferkreisasyl-uhg.de\/index.php?rest_route=%2Fwp%2Fv2%2Fcomments&post=1461"}],"version-history":[{"count":3,"href":"https:\/\/www.helferkreisasyl-uhg.de\/index.php?rest_route=\/wp\/v2\/pages\/1461\/revisions"}],"predecessor-version":[{"id":1486,"href":"https:\/\/www.helferkreisasyl-uhg.de\/index.php?rest_route=\/wp\/v2\/pages\/1461\/revisions\/1486"}],"wp:attachment":[{"href":"https:\/\/www.helferkreisasyl-uhg.de\/index.php?rest_route=%2Fwp%2Fv2%2Fmedia&parent=1461"}],"curies":[{"name":"wp","href":"https:\/\/api.w.org\/{rel}","templated":true}]}}