{"id":2,"date":"2014-05-09T04:35:09","date_gmt":"2014-05-09T04:35:09","guid":{"rendered":"http:\/\/localhost\/wordpress-3.9.1\/wordpress\/?page_id=2"},"modified":"2026-03-26T08:13:03","modified_gmt":"2026-03-26T07:13:03","slug":"startseite","status":"publish","type":"page","link":"https:\/\/www.helferkreisasyl-uhg.de\/","title":{"rendered":"Aktuelles"},"content":{"rendered":"\n<hr class=\"wp-block-separator has-css-opacity\"\/>\n\n\n\n<h2 class=\"wp-block-heading\">Veranstaltungen<br><\/h2>\n\n\n\n<ul class=\"wp-block-list\">\n<li><strong>Job-Event in Kirchheim<\/strong><br>\u2028am 20.5.2026 von 11.00 \u2013 19.00 Uhr im B\u00fcrgersaal Kirchheim, Heimstettner Str. 8, \u202885551 Kirchheim bei M\u00fcnchen.<br>Zum 1. Mal findet in diesem Jahr auch in Kirchheim eine Job- und Ausbildungsmesse statt: \u2028f\u00fcr Erwachsene, die einen neuen Arbeitgeber\/Weiterbildungsm\u00f6glichkeiten suchen, sowie \u2028mit Ausbildungspl\u00e4tzen und dualen Studieng\u00e4ngen f\u00fcr Sch\u00fclerInnen.<br><\/li>\n\n\n\n<li><strong>Fest der Begegnung<\/strong><br>am 20.6.2026 von 14.00 &#8211; 18.00 Uhr am Rathausplatz in Unterhaching, bei schlechtem Wetter\u2028 in der Hachinga Halle:\u2028 <br>Zum 9. Mal gestalten wir gemeinsam mit dem Unterhachinger Treffpunkt Agenda21-Forum \u2028e.V. einen Nachmittag f\u00fcr Jung und Alt, mit einem reichhaltigen Unterhaltungsprogramm f\u00fcr\u2028 Gro\u00df und Klein<\/li>\n<\/ul>\n\n\n\n<hr class=\"wp-block-separator has-css-opacity\"\/>\n\n\n\n<h2 class=\"wp-block-heading\">Dringend gesucht<\/h2>\n\n\n\n<ul class=\"wp-block-list\">\n<li>\u00dcbersetzer und Begleiter im Alltag (mit folgenden Sprachkenntnissen: russisch, ukrainisch, t\u00fcrkisch, arabisch, englisch, dari)<\/li>\n\n\n\n<li>Fahrradanh\u00e4nger<\/li>\n\n\n\n<li>Auto-Kindersitze (mittlere Gr\u00f6\u00dfe)<\/li>\n\n\n\n<li>Kleiner Schreibtisch<\/li>\n\n\n\n<li>Laptops oder Tablets (nicht \u00e4lter als 5 Jahre)\u2028<\/li>\n\n\n\n<li>Kinderr\u00e4der \/ Damenr\u00e4der \/ Herrenr\u00e4der\u2028<\/li>\n<\/ul>\n\n\n\n<p><strong>Bitte \u00fcber dieses <a href=\"https:\/\/www.helferkreisasyl-uhg.de\/?page_id=7\" data-type=\"link\" data-id=\"https:\/\/www.helferkreisasyl-uhg.de\/?page_id=7\" target=\"_blank\" rel=\"noreferrer noopener nofollow\">Kontaktformular<\/a> melden<\/strong><\/p>\n\n\n\n<p><strong>Kleiderspenden <\/strong>k\u00f6nnen Sie in Unterhaching bei der <strong><a href=\"https:\/\/klawotte.de\/ueber-die-klawotte\/unterhaching\/\" data-type=\"link\" data-id=\"https:\/\/klawotte.de\/ueber-die-klawotte\/unterhaching\/\" target=\"_blank\" rel=\"noreferrer noopener nofollow\">Klawotte<\/a> <\/strong>in der Hauptstr. 33a abgeben. Die Asylbewerber k\u00f6nnen bei der Klawotte aussuchen, anprobieren und sehr g\u00fcnstig einkaufen. Bitte keine Kleidung oder Hausrat direkt zur Einrichtung bringen, da die Sachen dort nicht gelagert werden k\u00f6nnen und entsorgt werden.<\/p>\n\n\n\n<hr class=\"wp-block-separator has-css-opacity\"\/>\n\n\n\n<h2 class=\"wp-block-heading\">Newsletter<\/h2>\n\n\n\n<p><strong>Abonnieren Sie den Newsletter,<\/strong> wenn Sie Aktuelles vom Unterhachinger Helferkreis erfahren wollen. Tragen Sie hier Ihre E-Mail-Adresse ein. Sie erhalten dann eine E-Mail, um den Eintrag in den Verteiler zu best\u00e4tigen.<\/p>\n\n\n<div class=\"widget_wysija_cont shortcode_wysija\"><div id=\"msg-form-wysija-shortcode6a06fd9cc62cd-1\" class=\"wysija-msg ajax\"><\/div><form id=\"form-wysija-shortcode6a06fd9cc62cd-1\" method=\"post\" action=\"#wysija\" class=\"widget_wysija shortcode_wysija\">\n<p class=\"wysija-paragraph\">\n    <label>E-Mail <span class=\"wysija-required\">*<\/span><\/label>\n    \n    \t<input type=\"text\" name=\"wysija[user][email]\" class=\"wysija-input validate[required,custom[email]]\" title=\"E-Mail\"  value=\"\" \/>\n    \n    \n    \n    <span class=\"abs-req\">\n        <input type=\"text\" name=\"wysija[user][abs][email]\" class=\"wysija-input validated[abs][email]\" value=\"\" \/>\n    <\/span>\n    \n<\/p>\n\r\n<input class=\"wysija-submit wysija-submit-field\" type=\"submit\" value=\"Anmelden!\" \/>\n\n    <input type=\"hidden\" name=\"form_id\" value=\"1\" \/>\n    <input type=\"hidden\" name=\"action\" value=\"save\" \/>\n    <input type=\"hidden\" name=\"controller\" value=\"subscribers\" \/>\n    <input type=\"hidden\" value=\"1\" name=\"wysija-page\" \/>\n\n    \n        <input type=\"hidden\" name=\"wysija[user_list][list_ids]\" value=\"3\" \/>\n    \n <\/form><\/div>\n\n\n\n<p><\/p>\n\n\n\n<p><\/p>\n","protected":false},"excerpt":{"rendered":"<p>Veranstaltungen Dringend gesucht Bitte \u00fcber dieses Kontaktformular melden Kleiderspenden k\u00f6nnen Sie in Unterhaching bei der Klawotte in der Hauptstr. 33a abgeben. Die Asylbewerber k\u00f6nnen bei der Klawotte aussuchen, anprobieren und sehr g\u00fcnstig einkaufen. Bitte keine Kleidung oder Hausrat direkt zur Einrichtung bringen, da die Sachen dort nicht gelagert werden k\u00f6nnen und entsorgt werden. Newsletter Abonnieren [&hellip;]<\/p>\n","protected":false},"author":2,"featured_media":0,"parent":0,"menu_order":1,"comment_status":"closed","ping_status":"closed","template":"","meta":{"footnotes":""},"class_list":["post-2","page","type-page","status-publish","hentry"],"_links":{"self":[{"href":"https:\/\/www.helferkreisasyl-uhg.de\/index.php?rest_route=\/wp\/v2\/pages\/2","targetHints":{"allow":["GET"]}}],"collection":[{"href":"https:\/\/www.helferkreisasyl-uhg.de\/index.php?rest_route=\/wp\/v2\/pages"}],"about":[{"href":"https:\/\/www.helferkreisasyl-uhg.de\/index.php?rest_route=\/wp\/v2\/types\/page"}],"author":[{"embeddable":true,"href":"https:\/\/www.helferkreisasyl-uhg.de\/index.php?rest_route=\/wp\/v2\/users\/2"}],"replies":[{"embeddable":true,"href":"https:\/\/www.helferkreisasyl-uhg.de\/index.php?rest_route=%2Fwp%2Fv2%2Fcomments&post=2"}],"version-history":[{"count":192,"href":"https:\/\/www.helferkreisasyl-uhg.de\/index.php?rest_route=\/wp\/v2\/pages\/2\/revisions"}],"predecessor-version":[{"id":1492,"href":"https:\/\/www.helferkreisasyl-uhg.de\/index.php?rest_route=\/wp\/v2\/pages\/2\/revisions\/1492"}],"wp:attachment":[{"href":"https:\/\/www.helferkreisasyl-uhg.de\/index.php?rest_route=%2Fwp%2Fv2%2Fmedia&parent=2"}],"curies":[{"name":"wp","href":"https:\/\/api.w.org\/{rel}","templated":true}]}}